{"id":791,"date":"2015-03-20T14:18:53","date_gmt":"2015-03-20T18:18:53","guid":{"rendered":"http:\/\/cpnn-world.org\/temp\/?page_id=791"},"modified":"2015-04-16T12:54:10","modified_gmt":"2015-04-16T16:54:10","slug":"reglements","status":"publish","type":"page","link":"https:\/\/english.cpnn-world.org\/?page_id=791","title":{"rendered":"R\u00e8glements"},"content":{"rendered":"<ul>\n<div class=\"page style\" style=\"width:80%;\">\n<big>Tous les articles de CPNN expriment l&#8217;esprit d&#8217;une culture de paix. En particulier chaque rapport doit \u00eatre :\t<\/p>\n<p>\t<em><strong>Positif:<\/strong><\/em><br \/>\nIl doit \u00eatre positif, car CPNN n&#8217;est pas pr\u00e9vu pour censurer des actions n\u00e9gatives, mais pour diffuser l&#8217;information sur les \u00e9v\u00e9nements qui promeuvent les valeurs, les actions et les comportements d&#8217;une culture de paix. Les articles doivent favoriser au moins l&#8217;un des huit domaines d&#8217;action d&#8217;une culture de paix (\u00e9ducation pour la paix, d\u00e9veloppement durable, droits de l&#8217;Homme, \u00e9galit\u00e9 femmes\/hommes, participation d\u00e9mocratique, tol\u00e9rance et solidarit\u00e9, libre circulation d&#8217;information et\/ou d\u00e9sarmement et s\u00e9curit\u00e9). .<\/p>\n<p>\t<em><strong>Compatible:<\/strong><\/em><br \/>\nLe contenu des rapports doit \u00eatre compatible avec les huit domaines d\u00e9finis de la culture de paix et ne doivent pas les contredire. Par exemple, les rapports ne doivent privil\u00e9gier ni la violence ou l&#8217;intol\u00e9rance ni employer des images ou des mots st\u00e9r\u00e9otyp\u00e9s ou racistes.<\/p>\n<p>\t<em><strong>Compr\u00e9hensible:<\/strong><\/em><br \/>\nLe but est d&#8217;\u00e9crire dans un langage courant et clair qui peut \u00eatre lu et compris par un \u00e9ventail de visiteurs de CPNN et qui peut facilement \u00eatre traduit dans n&#8217;importe quelle autre langue. Les jargons ou les mots peu communs doivent \u00eatre \u00e9vit\u00e9s ou expliqu\u00e9s. L&#8217;orthographe et la grammaire doivent \u00eatre correctes. .<\/p>\n<p>\t<em><strong>Bref<\/strong><\/em><br \/>\nLes rapports doivent \u00eatre brefs (habituellement entre quelques paragraphes et une page, soit 400-500 mots). Les visiteurs se lassent vite de la lecture de rapports trop longs ou qui n&#8217;ont pas de contenu pertinent.<\/p>\n<p>\t<em><strong>Stimulant<\/strong><\/em><br \/>\nLes rapports doivent montrer que la paix peut \u00eatre une aventure passionnante, voire mouvement\u00e9e. Faire la paix demande plus de courage que de faire la guerre. Nous ne devons pas \u00e9viter les contradictions et les sujets controvers\u00e9s qui pourrait faire croire que la paix est passive et ennuyeuse. Il existe une \u00e9nergie dans le conflit non-violent qui employ\u00e9e de mani\u00e8re constructive, stimule le dialogue et la discussion.<\/p>\n<p>\t<em><strong>Courtois:<\/strong><\/em><br \/>\nLe comportement sur Internet devrait observer les r\u00e8gles de l&#8217;\u00e9thique (appel\u00e9e &#8220;n\u00e9tiquette&#8221; dans le jargon d&#8217;Internet) et ne jamais utiliser de mots violents, sexistes ou racistes. La mani\u00e8re dont les participants s&#8217;engagent dans les discussions de CPNN doit rester en accord avec les huit domaines de la culture de paix.<\/p>\n<p>\t<em><strong>V\u00e9rifiable:<\/strong><\/em><br \/>\nLes rapports doivent \u00eatre pr\u00e9cis et dignes de confiance. Ils ne doivent inclure aucune information fausse. La source d&#8217;information doit \u00eatre indiqu\u00e9e: si la source est l&#8217;auteur lui-m\u00eame ou un t\u00e9moin, il est pr\u00e9f\u00e9rable que l&#8217;article soit \u00e9crit \u00e0 la premi\u00e8re personne. Si elle vient d&#8217;un journal ou d&#8217;Internet, les d\u00e9tails de la source doivent \u00eatre fournis afin que les lecteurs puissent y acc\u00e9der.<\/p>\n<p>\t<em><strong>Interactif:<\/strong><\/em><br \/>\nLes rapports doivent donner l&#8217;impression que dans les discussions, chaque lecteur est invit\u00e9 \u00e0 donner son avis sur le m\u00eame sujet. M\u00eame si les points de vue diff\u00e8rent, lorsqu&#8217;ils sont exprim\u00e9s avec respect et consid\u00e9ration, le dialogue reste enrichissant pour tous.<\/p>\n<p>\t<em><strong>Sp\u00e9cifique:<\/strong><\/em><br \/>\nLes articles doivent se rapporter \u00e0 des \u00e9v\u00e9nements sp\u00e9cifiques, \u00e0 des projets ou \u00e0 des productions artistiques pr\u00e9cises, au lieu d&#8217;\u00eatre des commentaires vagues, g\u00e9n\u00e9ralis\u00e9s ou abstraits. Les articles de CPNN doivent refl\u00e9ter des actions ou des \u00e9v\u00e9nements m\u00e9diatiques, mais \u00e0 la diff\u00e9rence des m\u00e9dias commerciaux, ils ne traitent pas n\u00e9cessairement de &#8221;nouvelles fra\u00eeches&#8221;. Au lieu de cela, ils peuvent refl\u00e9ter des sujets dont le d\u00e9veloppement est lent, avec des processus qui \u00e9voluent pendant de longs laps de temps.<\/p>\n<p>\t<em><strong>Publique:<\/strong><\/em><br \/>\nLes \u00e9v\u00e9nements ou m\u00e9dias auxquels vous faites r\u00e9f\u00e9rence doivent \u00eatre \u00e0 la disposition du grand public. Veuillez fournir les informations n\u00e9cessaires pour que le lecteur puisse y acc\u00e9der.\t<\/p>\n<p><\/big><\/div>\n<\/ul>\n","protected":false},"excerpt":{"rendered":"<p>Tous les articles de CPNN expriment l&#8217;esprit d&#8217;une culture de paix. En particulier chaque rapport doit \u00eatre : Positif: Il doit \u00eatre positif, car CPNN n&#8217;est pas pr\u00e9vu pour censurer des actions n\u00e9gatives, mais pour diffuser l&#8217;information sur les \u00e9v\u00e9nements qui promeuvent les valeurs, les actions et les comportements d&#8217;une culture de paix. Les articles &hellip; <a href=\"https:\/\/english.cpnn-world.org\/?page_id=791\" class=\"more-link\">Continue reading <span class=\"screen-reader-text\">R\u00e8glements<\/span> <span class=\"meta-nav\">&rarr;<\/span><\/a><\/p>\n","protected":false},"author":1,"featured_media":0,"parent":0,"menu_order":0,"comment_status":"closed","ping_status":"closed","template":"","meta":{"footnotes":""},"class_list":["post-791","page","type-page","status-publish","hentry"],"_links":{"self":[{"href":"https:\/\/english.cpnn-world.org\/index.php?rest_route=\/wp\/v2\/pages\/791","targetHints":{"allow":["GET"]}}],"collection":[{"href":"https:\/\/english.cpnn-world.org\/index.php?rest_route=\/wp\/v2\/pages"}],"about":[{"href":"https:\/\/english.cpnn-world.org\/index.php?rest_route=\/wp\/v2\/types\/page"}],"author":[{"embeddable":true,"href":"https:\/\/english.cpnn-world.org\/index.php?rest_route=\/wp\/v2\/users\/1"}],"replies":[{"embeddable":true,"href":"https:\/\/english.cpnn-world.org\/index.php?rest_route=%2Fwp%2Fv2%2Fcomments&post=791"}],"version-history":[{"count":0,"href":"https:\/\/english.cpnn-world.org\/index.php?rest_route=\/wp\/v2\/pages\/791\/revisions"}],"wp:attachment":[{"href":"https:\/\/english.cpnn-world.org\/index.php?rest_route=%2Fwp%2Fv2%2Fmedia&parent=791"}],"curies":[{"name":"wp","href":"https:\/\/api.w.org\/{rel}","templated":true}]}}