{"id":775,"date":"2015-03-20T14:15:04","date_gmt":"2015-03-20T18:15:04","guid":{"rendered":"http:\/\/cpnn-world.org\/temp\/?page_id=775"},"modified":"2015-04-16T12:37:09","modified_gmt":"2015-04-16T16:37:09","slug":"mouvement-mondial","status":"publish","type":"page","link":"https:\/\/english.cpnn-world.org\/?page_id=775","title":{"rendered":"Mouvement Mondial"},"content":{"rendered":"<ul>\n<div class=\"page style\" style=\"width:80%;\">\n<big>\t<\/p>\n<p align=\"justify\">Le Mouvement Mondial pour une Culture de Paix progresse, selon le <a href=\"http:\/\/decade-culture-of-peace.org\/french.html\">Rapport Mondial de la Culture de la Paix<\/a>, venant de plus de 1000 organisations de la soci\u00e9t\u00e9 civile. Le Rapport a \u00e9t\u00e9 soumis \u00e0 l&#8217;Assembl\u00e9e G\u00e9n\u00e9rale des Nations Unies lors d&#8217;une discussion pl\u00e9ni\u00e8re. Cette discussion a marqu\u00e9 la fin de la D\u00e9cennie internationale de la promotion d&#8217;une culture de la non-violence et de la paix au profit des enfants du monde (2001-2010).<\/p>\n<p align=\"justify\">Le Rapport donne une vue d&#8217;ensemble du progr\u00e8s effectu\u00e9 par le Mouvement Mondial depuis sa naissance annonc\u00e9e en 1999 par la r\u00e9solution <a href=\"http:\/\/decade-culture-of-peace.org\/resolutions\/resA-53-243-fr.pdf\">A\/53\/243<\/a> des Nations Unies. La culture de paix avance en d\u00e9pit du silence des medias, selon les rapports venant de diff\u00e9rentes r\u00e9gions.<\/p>\n<p align=\"justify\">Dans ces r\u00e9centes r\u00e9solutions, comme <a href=\"http:\/\/cpnn-world.org\/resolutions\/A-64-80-fr.pdf\">A\/64\/80<\/a>, l&#8217;Assembl\u00e9e g\u00e9n\u00e9rale salue les efforts de l&#8217;Unesco (Organisation des Nations Unies pour l\u2019\u00e9ducation, la science et la culture) et l&#8217;encourage \u00e0 maintenir le dispositif de communication et de travail en r\u00e9seau mis en place pendant l\u2019Ann\u00e9e internationale de la Culture de Paix (2000). Ce dispositif se compose du <a href=\"http:\/\/www3.unesco.org\/iycp\">site web de l&#8217;Unesco pour le Mouvement Mondial<\/a>. En 2003, le site a compt\u00e9 <a href=\"http:\/\/www3.unesco.org\/iycp\/fr\/fr_sum_tb_org_internationales_nat.htm\">2231 organismes participants<\/a>, dont 249 organisations internationales et 1982 groupes locaux et nationaux. Il a aussi fourni des informations sur les origines des <a href=\"http:\/\/www3.unesco.org\/iycp\/fr\/fr_view_repart_pays.asp\">75 millions de signatures du Manifeste 2000<\/a> en Inde, Br\u00e9sil, Colombie et autres pays.<\/p>\n<p>CPNN-WORLD se consacre au progr\u00e8s du Mouvement Mondial.<br \/>\n<\/big><\/div>\n<\/ul>\n","protected":false},"excerpt":{"rendered":"<p>Le Mouvement Mondial pour une Culture de Paix progresse, selon le Rapport Mondial de la Culture de la Paix, venant de plus de 1000 organisations de la soci\u00e9t\u00e9 civile. Le Rapport a \u00e9t\u00e9 soumis \u00e0 l&#8217;Assembl\u00e9e G\u00e9n\u00e9rale des Nations Unies lors d&#8217;une discussion pl\u00e9ni\u00e8re. Cette discussion a marqu\u00e9 la fin de la D\u00e9cennie internationale de &hellip; <a href=\"https:\/\/english.cpnn-world.org\/?page_id=775\" class=\"more-link\">Continue reading <span class=\"screen-reader-text\">Mouvement Mondial<\/span> <span class=\"meta-nav\">&rarr;<\/span><\/a><\/p>\n","protected":false},"author":1,"featured_media":0,"parent":0,"menu_order":0,"comment_status":"closed","ping_status":"closed","template":"","meta":{"footnotes":""},"class_list":["post-775","page","type-page","status-publish","hentry"],"_links":{"self":[{"href":"https:\/\/english.cpnn-world.org\/index.php?rest_route=\/wp\/v2\/pages\/775","targetHints":{"allow":["GET"]}}],"collection":[{"href":"https:\/\/english.cpnn-world.org\/index.php?rest_route=\/wp\/v2\/pages"}],"about":[{"href":"https:\/\/english.cpnn-world.org\/index.php?rest_route=\/wp\/v2\/types\/page"}],"author":[{"embeddable":true,"href":"https:\/\/english.cpnn-world.org\/index.php?rest_route=\/wp\/v2\/users\/1"}],"replies":[{"embeddable":true,"href":"https:\/\/english.cpnn-world.org\/index.php?rest_route=%2Fwp%2Fv2%2Fcomments&post=775"}],"version-history":[{"count":0,"href":"https:\/\/english.cpnn-world.org\/index.php?rest_route=\/wp\/v2\/pages\/775\/revisions"}],"wp:attachment":[{"href":"https:\/\/english.cpnn-world.org\/index.php?rest_route=%2Fwp%2Fv2%2Fmedia&parent=775"}],"curies":[{"name":"wp","href":"https:\/\/api.w.org\/{rel}","templated":true}]}}