{"id":466,"date":"2015-03-15T09:53:37","date_gmt":"2015-03-15T13:53:37","guid":{"rendered":"http:\/\/cpnn-world.org\/temp\/?page_id=466"},"modified":"2015-09-14T06:54:19","modified_gmt":"2015-09-14T10:54:19","slug":"accueil","status":"publish","type":"page","link":"https:\/\/english.cpnn-world.org\/?page_id=466","title":{"rendered":"Accueil"},"content":{"rendered":"<p><em><big>Voici les articles en fran\u00e7ais de CPNN depuis le 1er f\u00e9vrier 2015 (pour consulter les pages suivantes, cliquez soit sur la fl\u00e8che soit en bas de page).  Les articles sont class\u00e9s chronologiquement.<br \/>\nPour les archives de CPNN avant le 1er f\u00e9vrier 2015, cliquez <a href=\"http:\/\/cpnn-world.org\/cgi-bin\/read\/global-french.cgi#1\">ici<\/a>.<\/big><\/em>[frontpage_news widget=&#8221;464&#8243; name=&#8221;Articles en fran\u00e7ais&#8221;]<\/p>\n","protected":false},"excerpt":{"rendered":"<p>Voici les articles en fran\u00e7ais de CPNN depuis le 1er f\u00e9vrier 2015 (pour consulter les pages suivantes, cliquez soit sur la fl\u00e8che soit en bas de page). Les articles sont class\u00e9s chronologiquement. Pour les archives de CPNN avant le 1er f\u00e9vrier 2015, cliquez ici.[frontpage_news widget=&#8221;464&#8243; name=&#8221;Articles en fran\u00e7ais&#8221;]<\/p>\n","protected":false},"author":1,"featured_media":0,"parent":0,"menu_order":0,"comment_status":"closed","ping_status":"closed","template":"","meta":{"footnotes":""},"class_list":["post-466","page","type-page","status-publish","hentry"],"_links":{"self":[{"href":"https:\/\/english.cpnn-world.org\/index.php?rest_route=\/wp\/v2\/pages\/466","targetHints":{"allow":["GET"]}}],"collection":[{"href":"https:\/\/english.cpnn-world.org\/index.php?rest_route=\/wp\/v2\/pages"}],"about":[{"href":"https:\/\/english.cpnn-world.org\/index.php?rest_route=\/wp\/v2\/types\/page"}],"author":[{"embeddable":true,"href":"https:\/\/english.cpnn-world.org\/index.php?rest_route=\/wp\/v2\/users\/1"}],"replies":[{"embeddable":true,"href":"https:\/\/english.cpnn-world.org\/index.php?rest_route=%2Fwp%2Fv2%2Fcomments&post=466"}],"version-history":[{"count":0,"href":"https:\/\/english.cpnn-world.org\/index.php?rest_route=\/wp\/v2\/pages\/466\/revisions"}],"wp:attachment":[{"href":"https:\/\/english.cpnn-world.org\/index.php?rest_route=%2Fwp%2Fv2%2Fmedia&parent=466"}],"curies":[{"name":"wp","href":"https:\/\/api.w.org\/{rel}","templated":true}]}}