{"id":196,"date":"2015-03-13T16:52:28","date_gmt":"2015-03-13T20:52:28","guid":{"rendered":"http:\/\/cpnn-world.org\/temp\/?page_id=196"},"modified":"2015-03-20T17:37:21","modified_gmt":"2015-03-20T21:37:21","slug":"language","status":"publish","type":"page","link":"https:\/\/english.cpnn-world.org\/?page_id=196","title":{"rendered":"Language"},"content":{"rendered":"<h3>Si vous voulez les pages en Fran\u00e7ais, cliquez sur \u00e7a dans la section de &#8220;French&#8221; en dessous de &#8220;Language&#8221; sur le bar de navigation.<\/h3>\n<h3>Si desea que las p\u00e1ginas en espa\u00f1ol, haga clic en la secci\u00f3n de &#8220;Spanish&#8221; de abajo &#8220;language&#8221; en la barra de navegaci\u00f3n.<\/h3>\n","protected":false},"excerpt":{"rendered":"<p>Si vous voulez les pages en Fran\u00e7ais, cliquez sur \u00e7a dans la section de &#8220;French&#8221; en dessous de &#8220;Language&#8221; sur le bar de navigation. Si desea que las p\u00e1ginas en espa\u00f1ol, haga clic en la secci\u00f3n de &#8220;Spanish&#8221; de abajo &#8220;language&#8221; en la barra de navegaci\u00f3n.<\/p>\n","protected":false},"author":1,"featured_media":0,"parent":0,"menu_order":0,"comment_status":"closed","ping_status":"closed","template":"","meta":{"footnotes":""},"class_list":["post-196","page","type-page","status-publish","hentry"],"_links":{"self":[{"href":"https:\/\/english.cpnn-world.org\/index.php?rest_route=\/wp\/v2\/pages\/196","targetHints":{"allow":["GET"]}}],"collection":[{"href":"https:\/\/english.cpnn-world.org\/index.php?rest_route=\/wp\/v2\/pages"}],"about":[{"href":"https:\/\/english.cpnn-world.org\/index.php?rest_route=\/wp\/v2\/types\/page"}],"author":[{"embeddable":true,"href":"https:\/\/english.cpnn-world.org\/index.php?rest_route=\/wp\/v2\/users\/1"}],"replies":[{"embeddable":true,"href":"https:\/\/english.cpnn-world.org\/index.php?rest_route=%2Fwp%2Fv2%2Fcomments&post=196"}],"version-history":[{"count":0,"href":"https:\/\/english.cpnn-world.org\/index.php?rest_route=\/wp\/v2\/pages\/196\/revisions"}],"wp:attachment":[{"href":"https:\/\/english.cpnn-world.org\/index.php?rest_route=%2Fwp%2Fv2%2Fmedia&parent=196"}],"curies":[{"name":"wp","href":"https:\/\/api.w.org\/{rel}","templated":true}]}}